{"id":426,"date":"2023-09-18T08:22:24","date_gmt":"2023-09-18T12:22:24","guid":{"rendered":"https:\/\/policiascaninosisrrael.com.ve\/pciwp\/?page_id=426"},"modified":"2023-09-18T08:22:24","modified_gmt":"2023-09-18T12:22:24","slug":"politicas-de-cookies","status":"publish","type":"page","link":"https:\/\/policiascaninosisrrael.com.ve\/pciwp\/politicas-de-cookies\/","title":{"rendered":"Pol\u00edticas de Cookies"},"content":{"rendered":"<div class=\"et_d4_element et_pb_section et_pb_section_0  et_pb_css_mix_blend_mode et_section_regular et_block_section\" >\n\t\t\t\t\n\t\t\t\t\n\t\t\t\t\n\t\t\t\t\n\t\t\t\t\n\t\t\t\t\n\t\t\t\t<div class=\"et_d4_element et_pb_row et_pb_row_0  et_pb_css_mix_blend_mode et_block_row\">\n\t\t\t\t<div class=\"et_d4_element et_pb_column_4_4 et_pb_column et_pb_column_0  et_pb_css_mix_blend_mode et-last-child et_block_column\">\n\t\t\t\t\n\t\t\t\t\n\t\t\t\t\n\t\t\t\t\n\t\t\t\t<div class=\"et_pb_module et_d4_element et_pb_text et_pb_text_0  et_pb_text_align_left et_pb_bg_layout_light\">\n\t\t\t\t\n\t\t\t\t\n\t\t\t\t\n\t\t\t\t\n\t\t\t\t<div class=\"et_pb_text_inner\"><div class=\"page-header\" bis_skin_checked=\"1\">\n<h2 itemprop=\"headline\">Pol\u00edticas de Cookies<\/h2>\n<h2 itemprop=\"headline\"><span style=\"font-size: 10pt;\"><strong><\/strong><\/span><\/h2>\n<h2 itemprop=\"headline\"><span style=\"font-size: 10pt;\"><strong>DEFINICI\u00d3N DE COOKIES<\/strong><\/span><\/h2>\n<\/div>\n<div itemprop=\"articleBody\" bis_skin_checked=\"1\">\n<p style=\"text-align: justify;\"><span style=\"font-size: 10pt;\">Una cookie es un fichero que se descarga en tu ordenador al acceder a determinadas p\u00e1ginas web. Las cookies permiten a una p\u00e1gina web, entre otras cosas, almacenar y recuperar informaci\u00f3n sobre los h\u00e1bitos de navegaci\u00f3n de un usuario o de su equipo y, dependiendo de la informaci\u00f3n que contengan y de la forma en que utilice su equipo, pueden utilizarse para reconocer al usuario.<\/span><\/p>\n<p style=\"text-align: justify;\"><span style=\"font-size: 10pt;\"><strong>TIPOS DE COOKIES QUE PUEDE UTILIZAR LA P\u00c1GINA WEB<\/strong><\/span><br \/><span style=\"font-size: 10pt;\">1. Tipos de cookies seg\u00fan la entidad que las gestione.<\/span><br \/><span style=\"font-size: 10pt;\">Seg\u00fan quien sea la entidad que gestione el equipo o dominio desde donde se env\u00edan las\u00a0cookies\u00a0y trate los datos que se obtengan, podemos distinguir:<\/span><br \/><span style=\"font-size: 10pt;\"><strong>\u2013\u00a0Cookies\u00a0propias:<\/strong> Son aqu\u00e9llas que se env\u00edan al equipo terminal del usuario desde un equipo o dominio gestionado por el propio editor y desde el que se presta el servicio solicitado por el usuario.<\/span><br \/><span style=\"font-size: 10pt;\"><strong>\u2013\u00a0Cookies\u00a0de tercero:<\/strong> Son aqu\u00e9llas que se env\u00edan al equipo terminal del usuario desde un equipo o dominio que no es gestionado por el editor, sino por otra entidad que trata los datos obtenidos a trav\u00e9s de las cookies.<\/span><\/p>\n<p style=\"text-align: justify;\"><span style=\"font-size: 10pt;\"><strong>2. Tipos de\u00a0cookies\u00a0seg\u00fan el plazo de tiempo que permanecen activadas.<\/strong><\/span><br \/><span style=\"font-size: 10pt;\">Seg\u00fan el plazo de tiempo que permanecen activadas en el equipo terminal podemos distinguir:<\/span><br \/><span style=\"font-size: 10pt;\"><strong>\u2013\u00a0Cookies\u00a0de sesi\u00f3n:<\/strong> Son un tipo de\u00a0cookies dise\u00f1adas para\u00a0recabar y almacenar datos mientras el usuario accede a una p\u00e1gina web.<\/span><br \/><span style=\"font-size: 10pt;\">Se suelen emplear para almacenar informaci\u00f3n que solo interesa conservar para la prestaci\u00f3n del servicio solicitado por el usuario en una sola ocasi\u00f3n (p.e. una lista de productos adquiridos, cesta de la compra\u2026..).<\/span><br \/><span style=\"font-size: 10pt;\"><strong>\u2013Cookies\u00a0persistentes:<\/strong> Son un tipo de\u00a0cookies\u00a0en el que los datos siguen almacenados en el terminal y pueden ser accedidos y tratados durante un per\u00edodo definido por el responsable de la cookie, y que puede ir de unos minutos a varios a\u00f1os. (p.e. se utilizan para mantener la contrase\u00f1a a lo largo de sucesivas sesiones y de ese modo facilitar los servicios de compra y registro).<\/span><\/p>\n<p style=\"text-align: justify;\"><span style=\"font-size: 10pt;\"><strong>3. Tipos de\u00a0cookies\u00a0seg\u00fan su finalidad.<\/strong><\/span><br \/><span style=\"font-size: 10pt;\">Seg\u00fan la finalidad para la que se traten los datos obtenidos a trav\u00e9s de las cookies, podemos distinguir entre:<\/span><br \/><span style=\"font-size: 10pt;\"><strong>\u2013\u00a0Cookies\u00a0t\u00e9cnicas:<\/strong> Son aquellas que permiten al usuario la navegaci\u00f3n a trav\u00e9s de una p\u00e1gina web, plataforma o aplicaci\u00f3n y la utilizaci\u00f3n de las diferentes opciones o servicios que en ella existan como, por ejemplo, controlar el tr\u00e1fico y la comunicaci\u00f3n de datos, identificar la sesi\u00f3n, acceder a partes de acceso restringido, recordar los elementos que integran un pedido, realizar el proceso de compra de un pedido, realizar la solicitud de inscripci\u00f3n o participaci\u00f3n en un evento, utilizar elementos de seguridad durante la navegaci\u00f3n, almacenar contenidos para la difusi\u00f3n de v\u00eddeos o sonido o compartir contenidos a trav\u00e9s de redes sociales.<\/span><br \/><span style=\"font-size: 10pt;\"><strong>\u2013\u00a0Cookies\u00a0de personalizaci\u00f3n:<\/strong> Son aqu\u00e9llas que permiten al usuario acceder al servicio con algunas caracter\u00edsticas de car\u00e1cter general predefinidas en funci\u00f3n de una serie de criterios en el terminal del usuario como por ejemplo,\u00a0ser\u00edan\u00a0el idioma, el tipo de navegador a trav\u00e9s del cual accede al servicio, la configuraci\u00f3n regional desde donde accede al servicio, etc.<\/span><br \/><span style=\"font-size: 10pt;\"><strong>\u2013\u00a0Cookies\u00a0de an\u00e1lisis:<\/strong> Son aqu\u00e9llas que permiten al responsable de las mismas, el seguimiento y an\u00e1lisis del comportamiento de los usuarios de los sitios web a los que est\u00e1n vinculadas. La informaci\u00f3n recogida mediante este tipo de cookies se utiliza en la medici\u00f3n de la actividad de los sitios web, aplicaci\u00f3n o plataforma y para la elaboraci\u00f3n de perfiles de navegaci\u00f3n de los usuarios de dichos sitios, aplicaciones y plataformas, con el fin de introducir mejoras en funci\u00f3n del an\u00e1lisis de los datos de uso que hacen los usuarios del servicio.<\/span><br \/><span style=\"font-size: 10pt;\"><strong>\u2013\u00a0Cookies\u00a0publicitarias:<\/strong> Son aqu\u00e9llas que permiten la gesti\u00f3n, de la forma m\u00e1s eficaz posible, de los espacios publicitarios que, en su caso, el editor haya incluido en una p\u00e1gina web, aplicaci\u00f3n o plataforma desde la que presta el servicio solicitado en base a criterios como el contenido editado o la frecuencia en la que se muestran los anuncios.<\/span><br \/><span style=\"font-size: 10pt;\"><strong>\u2013\u00a0Cookies\u00a0de publicidad comportamental:<\/strong> Son aqu\u00e9llas que permiten la gesti\u00f3n, de la forma m\u00e1s eficaz posible, de los espacios publicitarios que, en su caso, el editor haya incluido en una p\u00e1gina web, aplicaci\u00f3n o plataforma desde la que presta el servicio solicitado. Estas cookies almacenan informaci\u00f3n del comportamiento de los usuarios obtenida a trav\u00e9s de la observaci\u00f3n continuada de sus h\u00e1bitos de navegaci\u00f3n, lo que permite desarrollar un perfil espec\u00edfico para mostrar publicidad en funci\u00f3n del mismo.<\/span><\/p>\n<p style=\"text-align: justify;\"><span style=\"font-size: 10pt;\"><strong>REVOCACI\u00d3N Y ELIMINACI\u00d3N DE COOKIES<\/strong><\/span><br \/><span style=\"font-size: 10pt;\">El usuario tiene la opci\u00f3n de permitir, bloquear o eliminar las \u2018cookies\u2019 instaladas en su equipo mediante la configuraci\u00f3n de las opciones del navegador instalado en su terminal:<\/span><\/p>\n<p style=\"text-align: justify;\"><span style=\"font-size: 10pt;\"><strong>Internet Explorer:<\/strong><\/span><br \/><span style=\"font-size: 10pt;\">a).- Herramientas<\/span><br \/><span style=\"font-size: 10pt;\">b).- Opciones de Internet<\/span><br \/><span style=\"font-size: 10pt;\">c).- Privacidad<\/span><br \/><span style=\"font-size: 10pt;\">d).- Configuraci\u00f3n.<\/span><br \/><span style=\"font-size: 10pt;\">e).- Desplazar el control totalmente hacia arriba (\u201cbloquear todas las cookies\u201d)<\/span><br \/><span style=\"font-size: 10pt;\">Para m\u00e1s informaci\u00f3n, puede consultar el soporte de\u00a0Microsoft\u00a0o la Ayuda del navegador.<\/span><\/p>\n<p style=\"text-align: justify;\"><span style=\"font-size: 10pt;\"><strong>Firefox:<\/strong><\/span><br \/><span style=\"font-size: 10pt;\">a).- Herramientas<\/span><br \/><span style=\"font-size: 10pt;\">b).- Opciones<\/span><br \/><span style=\"font-size: 10pt;\">c).- Privacidad<\/span><br \/><span style=\"font-size: 10pt;\">d).- Aceptar cookies (desmarcar la casilla)<\/span><br \/><span style=\"font-size: 10pt;\">Para m\u00e1s informaci\u00f3n, puede consultar el soporte de\u00a0Mozilla\u00a0o la Ayuda del navegador.<\/span><\/p>\n<p style=\"text-align: justify;\"><span style=\"font-size: 10pt;\"><strong>Chrome:<\/strong><\/span><br \/><span style=\"font-size: 10pt;\">a).- Configuraci\u00f3n<\/span><br \/><span style=\"font-size: 10pt;\">b).- Mostrar opciones avanzadas<\/span><br \/><span style=\"font-size: 10pt;\">c).- Privacidad<\/span><br \/><span style=\"font-size: 10pt;\">d).- Configuraci\u00f3n de contenido.<\/span><br \/><span style=\"font-size: 10pt;\">e).- Bloquear los datos de sitio y las cookies de terceros. (marcar)<\/span><br \/><span style=\"font-size: 10pt;\">Para m\u00e1s informaci\u00f3n, puede consultar el soporte de\u00a0Google\u00a0o la Ayuda del navegador.<\/span><\/p>\n<p style=\"text-align: justify;\"><span style=\"font-size: 10pt;\"><strong>Safari:<\/strong><\/span><br \/><span style=\"font-size: 10pt;\">a).- Preferencias<\/span><br \/><span style=\"font-size: 10pt;\">b).- Privacidad<\/span><br \/><span style=\"font-size: 10pt;\">c).- Bloquear cookies<\/span><br \/><span style=\"font-size: 10pt;\">Para m\u00e1s informaci\u00f3n, puede consultar la ayuda del navegador.<\/span><br \/><span style=\"font-size: 10pt;\">En algunos navegadores se pueden configurar reglas espec\u00edficas para administrar \u2018cookies\u2019 por sitio web, lo que ofrece un control m\u00e1s preciso sobre la privacidad. Esto significa que se puede inhabilitar \u2018cookies\u2019 de todos los sitios, salvo de aquellos en los que se conf\u00ede.<\/span><\/p>\n<p style=\"text-align: justify;\"><span style=\"font-size: 10pt;\"><strong>ACEPTACI\u00d3N DE COOKIES<\/strong><\/span><br \/><span style=\"font-size: 10pt;\">Si usted contin\u00faa su navegaci\u00f3n una vez informado sobre la Pol\u00edtica de Cookies, entenderemos que acepta la utilizaci\u00f3n de las cookies por parte de la web y aplicaciones. Sin embargo, si usted quiere, puede cambiar la configuraci\u00f3n de cookies en cualquier momento, configurando su navegador para aceptar, o no, las cookies que recibe o para que el navegador le avise cuando un servidor quiera guardar una cookie. Le informamos que en el caso de bloquear o no aceptar la instalaci\u00f3n de cookies, es posible que ciertos servicios no est\u00e9n disponibles sin la utilizaci\u00f3n de \u00e9stas o que no pueda acceder a determinados servicios, ni tampoco aprovechar por completo todo lo que nuestra web y aplicaciones le ofrecen.<\/span><\/p>\n<\/div><\/div>\n\t\t\t<\/div>\n\t\t\t<\/div>\n\t\t\t\t\n\t\t\t\t\n\t\t\t\t\n\t\t\t\t\n\t\t\t<\/div>\n\t\t\t\t\n\t\t\t\t\n\t\t\t<\/div>\n","protected":false},"excerpt":{"rendered":"","protected":false},"author":1,"featured_media":0,"parent":0,"menu_order":0,"comment_status":"closed","ping_status":"closed","template":"","meta":{"_et_pb_use_builder":"on","_et_pb_old_content":"","_et_gb_content_width":"","footnotes":""},"class_list":["post-426","page","type-page","status-publish","hentry"],"aioseo_notices":[],"_links":{"self":[{"href":"https:\/\/policiascaninosisrrael.com.ve\/pciwp\/wp-json\/wp\/v2\/pages\/426","targetHints":{"allow":["GET"]}}],"collection":[{"href":"https:\/\/policiascaninosisrrael.com.ve\/pciwp\/wp-json\/wp\/v2\/pages"}],"about":[{"href":"https:\/\/policiascaninosisrrael.com.ve\/pciwp\/wp-json\/wp\/v2\/types\/page"}],"author":[{"embeddable":true,"href":"https:\/\/policiascaninosisrrael.com.ve\/pciwp\/wp-json\/wp\/v2\/users\/1"}],"replies":[{"embeddable":true,"href":"https:\/\/policiascaninosisrrael.com.ve\/pciwp\/wp-json\/wp\/v2\/comments?post=426"}],"version-history":[{"count":2,"href":"https:\/\/policiascaninosisrrael.com.ve\/pciwp\/wp-json\/wp\/v2\/pages\/426\/revisions"}],"predecessor-version":[{"id":428,"href":"https:\/\/policiascaninosisrrael.com.ve\/pciwp\/wp-json\/wp\/v2\/pages\/426\/revisions\/428"}],"wp:attachment":[{"href":"https:\/\/policiascaninosisrrael.com.ve\/pciwp\/wp-json\/wp\/v2\/media?parent=426"}],"curies":[{"name":"wp","href":"https:\/\/api.w.org\/{rel}","templated":true}]}}