{"id":418,"date":"2023-09-18T07:46:32","date_gmt":"2023-09-18T11:46:32","guid":{"rendered":"https:\/\/policiascaninosisrrael.com.ve\/pciwp\/?page_id=418"},"modified":"2023-09-18T07:46:32","modified_gmt":"2023-09-18T11:46:32","slug":"terminos-y-condiciones","status":"publish","type":"page","link":"https:\/\/policiascaninosisrrael.com.ve\/pciwp\/terminos-y-condiciones\/","title":{"rendered":"T\u00e9rminos y Condiciones"},"content":{"rendered":"<div class=\"et_d4_element et_pb_section et_pb_section_0  et_pb_css_mix_blend_mode et_section_regular et_block_section\" >\n\t\t\t\t\n\t\t\t\t\n\t\t\t\t\n\t\t\t\t\n\t\t\t\t\n\t\t\t\t\n\t\t\t\t<div class=\"et_d4_element et_pb_row et_pb_row_0  et_pb_css_mix_blend_mode et_block_row\">\n\t\t\t\t<div class=\"et_d4_element et_pb_column_4_4 et_pb_column et_pb_column_0  et_pb_css_mix_blend_mode et-last-child et_block_column\">\n\t\t\t\t\n\t\t\t\t\n\t\t\t\t\n\t\t\t\t\n\t\t\t\t<div class=\"et_pb_module et_d4_element et_pb_text et_pb_text_0  et_pb_text_align_left et_pb_bg_layout_light\">\n\t\t\t\t\n\t\t\t\t\n\t\t\t\t\n\t\t\t\t\n\t\t\t\t<div class=\"et_pb_text_inner\"><div class=\"page-header\" bis_skin_checked=\"1\">\n<h2 itemprop=\"headline\">T\u00e9rminos y Condiciones<\/h2>\n<\/div>\n<div itemprop=\"articleBody\" bis_skin_checked=\"1\">\n<p style=\"text-align: justify;\"><span style=\"font-size: 10pt;\"><strong><\/strong><\/span><\/p>\n<p style=\"text-align: justify;\"><span style=\"font-size: 10pt;\"><strong>Polic\u00edas Caninos Isrrael.<\/strong><\/span><\/p>\n<p style=\"text-align: justify;\"><span style=\"font-size: 10pt;\">A trav\u00e9s de T\u00e9rminos y condiciones se pretende regular el acceso, uso, y en general, la relaci\u00f3n entre este Portal (en adelante WEBSITE) accesible en la direcci\u00f3n de www.policiascaninosisrrael.com.ve y los usuarios del WEBSITE (en adelante USUARIOS).<\/span><\/p>\n<p style=\"text-align: justify;\"><span style=\"font-size: 10pt;\">Se declara el sitio web \u201c<strong>Polic\u00edas Caninos Isrrael<\/strong>\u201d como un sitio web gestionado por <strong>Polic\u00edas Caninos Isrrael<\/strong> (en adelante, \u201cel prestador\u201d) con domicilio en Municipio Los Salias, Carretera Nacional, La Mariposa, sector Potrerito, parcela 139, Miranda-Venezuela.<\/span><\/p>\n<p style=\"text-align: justify;\"><span style=\"font-size: 10pt;\">Todo el acceso a este sitio Web supone la aceptaci\u00f3n expresa las condiciones generales y particulares del uso de www.policiascaninosisrrael.com.ve; dichas condiciones podr\u00e1n ser modificadas por el titular de <strong>Polic\u00edas Caninos Isrrael<\/strong>, en cualquier momento y sin previo aviso.<\/span><\/p>\n<p style=\"text-align: justify;\"><span style=\"font-size: 10pt;\">1.- Condiciones generales de uso<\/span><\/p>\n<p style=\"text-align: justify;\"><span style=\"font-size: 10pt;\">Estas condiciones generales, regulan el uso y acceso a la p\u00e1gina web www.policiascaninosisrrael.com.ve, cuya finalidad es informar al usuario que navegue por esta web, de todos los servicios que oferta <strong>Polic\u00edas Caninos Isrrael<\/strong>, en cualquiera de sus variedades.<\/span><\/p>\n<p style=\"text-align: justify;\"><span style=\"font-size: 10pt;\"><strong>Polic\u00edas Caninos Isrrael<\/strong>, tomar\u00e1 todas las medidas necesarias que est\u00e9n a su alcance para impedir todo tipo de conducta que pueda ser contraria a la legislaci\u00f3n Venezolana y cooperar\u00e1 en la medida de sus posibilidades con las autoridades que corresponda en la identificaci\u00f3n de la persona o personas que pudieran ser responsables en el incumplimiento de estas condiciones generales.<\/span><\/p>\n<p style=\"text-align: justify;\"><span style=\"font-size: 10pt;\">2.- Propiedad intelectual e industrial<\/span><\/p>\n<p style=\"text-align: justify;\"><span style=\"font-size: 10pt;\">Los derechos de propiedad intelectual del contenido de las p\u00e1ginas web, su dise\u00f1o gr\u00e1fico y c\u00f3digos son titularidad de <strong>Polic\u00edas Caninos Isrrael<\/strong> y, por tanto, queda prohibida su reproducci\u00f3n, distribuci\u00f3n, comunicaci\u00f3n p\u00fablica, transformaci\u00f3n o cualquier otra actividad que se pueda realizar con los contenidos de su p\u00e1gina web, ni a\u00fan citando las fuentes, salvo consentimiento por escrito de <strong>Polic\u00edas Caninos Isrrael<\/strong>.<\/span><\/p>\n<p style=\"text-align: justify;\"><span style=\"font-size: 10pt;\">3- Responsabilidad<\/span><\/p>\n<p style=\"text-align: justify;\"><span style=\"font-size: 10pt;\"><strong>Polic\u00edas Caninos Isrrael,<\/strong> fuera de lo expresamente reconocido en estas condiciones generales, no se hace responsable de los da\u00f1os inform\u00e1ticos que puedan ser ocasionados a usuario, por causas ajenas a su voluntad, ni por cualquier otro tipo de da\u00f1o, que pudieran serle ocasionados por virus de la red Internet.<\/span><\/p>\n<p style=\"text-align: justify;\"><span style=\"font-size: 10pt;\"><strong>Polic\u00edas Caninos Isrrael<\/strong> no se hace responsable por da\u00f1os ocasionales que puedan efectuarse por falta de disponibilidad de la p\u00e1gina, o continuidad de www.policiascaninosisrrael.com.ve.<\/span><\/p>\n<p style=\"text-align: justify;\"><span style=\"font-size: 10pt;\">Al aceptarse las condiciones de uso y privacidad, cualquier usuario que utilice los servicios e informaciones contenidas en esta web, es el responsable sobre la utilizaci\u00f3n que pudiera hacerse de la misma.<\/span><\/p>\n<p style=\"text-align: justify;\"><span style=\"font-size: 10pt;\">El usuario est\u00e1 obligado a indemnizar a <strong>Polic\u00edas Caninos Isrrael<\/strong> por cualquier da\u00f1o o perjuicio que pudiera ocasionar, de la mala utilizaci\u00f3n de www.policiascaninosisrrael.com.ve, infringiendo por ello las presentes condiciones generales y la normativa vigente.<\/span><\/p>\n<p style=\"text-align: justify;\"><span style=\"font-size: 10pt;\">4- Sumisi\u00f3n expresa<\/span><\/p>\n<p style=\"text-align: justify;\"><span style=\"font-size: 10pt;\">Cualquier conflicto que se genere entre www.policiascaninosisrrael.com.ve y los usuarios de www.policiascaninosisrrael.com.ve, se resolver\u00e1n en los tribunales de Miranda, Venezuela.<\/span><\/p>\n<\/div><\/div>\n\t\t\t<\/div>\n\t\t\t<\/div>\n\t\t\t\t\n\t\t\t\t\n\t\t\t\t\n\t\t\t\t\n\t\t\t<\/div>\n\t\t\t\t\n\t\t\t\t\n\t\t\t<\/div>\n","protected":false},"excerpt":{"rendered":"","protected":false},"author":1,"featured_media":0,"parent":0,"menu_order":0,"comment_status":"closed","ping_status":"closed","template":"","meta":{"_et_pb_use_builder":"on","_et_pb_old_content":"","_et_gb_content_width":"","footnotes":""},"class_list":["post-418","page","type-page","status-publish","hentry"],"aioseo_notices":[],"_links":{"self":[{"href":"https:\/\/policiascaninosisrrael.com.ve\/pciwp\/wp-json\/wp\/v2\/pages\/418","targetHints":{"allow":["GET"]}}],"collection":[{"href":"https:\/\/policiascaninosisrrael.com.ve\/pciwp\/wp-json\/wp\/v2\/pages"}],"about":[{"href":"https:\/\/policiascaninosisrrael.com.ve\/pciwp\/wp-json\/wp\/v2\/types\/page"}],"author":[{"embeddable":true,"href":"https:\/\/policiascaninosisrrael.com.ve\/pciwp\/wp-json\/wp\/v2\/users\/1"}],"replies":[{"embeddable":true,"href":"https:\/\/policiascaninosisrrael.com.ve\/pciwp\/wp-json\/wp\/v2\/comments?post=418"}],"version-history":[{"count":3,"href":"https:\/\/policiascaninosisrrael.com.ve\/pciwp\/wp-json\/wp\/v2\/pages\/418\/revisions"}],"predecessor-version":[{"id":588,"href":"https:\/\/policiascaninosisrrael.com.ve\/pciwp\/wp-json\/wp\/v2\/pages\/418\/revisions\/588"}],"wp:attachment":[{"href":"https:\/\/policiascaninosisrrael.com.ve\/pciwp\/wp-json\/wp\/v2\/media?parent=418"}],"curies":[{"name":"wp","href":"https:\/\/api.w.org\/{rel}","templated":true}]}}