{"id":331,"date":"2023-09-15T09:25:12","date_gmt":"2023-09-15T13:25:12","guid":{"rendered":"https:\/\/policiascaninosisrrael.com.ve\/pciwp\/?page_id=331"},"modified":"2024-07-02T23:44:53","modified_gmt":"2024-07-03T03:44:53","slug":"que-ofrecemos","status":"publish","type":"page","link":"https:\/\/policiascaninosisrrael.com.ve\/pciwp\/que-ofrecemos\/","title":{"rendered":"\u00bfQu\u00e9 Ofrecemos?"},"content":{"rendered":"<div class=\"et_d4_element et_pb_section et_pb_section_0  et_pb_css_mix_blend_mode et_section_regular et_block_section\" >\n\t\t\t\t\n\t\t\t\t\n\t\t\t\t\n\t\t\t\t\n\t\t\t\t\n\t\t\t\t\n\t\t\t\t<div class=\"et_d4_element et_pb_row et_pb_row_0 et_pb_equal_columns et_pb_gutters2  et_pb_css_mix_blend_mode et_block_row\">\n\t\t\t\t<div class=\"et_d4_element et_pb_column_3_4 et_pb_column et_pb_column_0  et_pb_css_mix_blend_mode et_block_column\">\n\t\t\t\t\n\t\t\t\t\n\t\t\t\t\n\t\t\t\t\n\t\t\t\t<div class=\"et_pb_module et_d4_element et_pb_text et_pb_text_0  et_pb_text_align_left et_pb_bg_layout_light\">\n\t\t\t\t\n\t\t\t\t\n\t\t\t\t\n\t\t\t\t\n\t\t\t\t<div class=\"et_pb_text_inner\"><p style=\"text-align: justify;\"><strong>\u00bfQu\u00e9 Ofrecemos?<\/strong><\/p>\n<p style=\"text-align: justify;\">Concentraci\u00f3n, confianza y vigilancia. Reaccionar r\u00e1pido en el momento justo. Eso es lo que usted esperar\u00eda de un perro profesional de trabajo. \u00bfPero donde encuentra el perro perfecto para usted? \u00bfy que entrenamiento se necesita para que los perros y los entrenadores formen un equipo perfecto? Dir\u00edjase a <strong>POLICIAS CANINOS ISRRAEL<\/strong> y descubra de qu\u00e9 forma nuestro conocimiento y experiencia de a\u00f1os contribuir\u00e1n en la compra de un perro con el que pueda contar en un 100%.<br \/><strong>POLICIAS CANINOS ISRRAEL<\/strong> se especializa en la compra y venta de perros de trabajo internacionales. Atendemos a organizaciones grandes y peque\u00f1as en todos los campos, tambi\u00e9n a particulares, encontramos el perro que desean de nuestra amplia selecci\u00f3n. Nuestros servicios se caracterizan por la calidad, el trabajo de rutina y la honestidad \u00bfLe gustar\u00eda recibir un consejo de especialistas? No dude en comunicarse con nosotros. Nos encantar\u00eda hablar con usted.<\/p>\n<p style=\"text-align: justify;\"><strong>POLICIAS CANINOS ISRRAEL<\/strong><\/p>\n<p style=\"text-align: justify;\">Cuenta con una amplia selecci\u00f3n de perros de trabajo. Cada perro posee caracter\u00edsticas especiales. Aqu\u00ed encontrar\u00e1 una breve explicaci\u00f3n de las categor\u00edas m\u00e1s relevantes para las que estos perros est\u00e1n entrenados.<\/p>\n<p style=\"text-align: justify;\">Perros de deporte: categor\u00edas de perros profesionales de deporte.<br \/>Perros certificados: PH-1 Perro polic\u00eda 1, PH-2 Perro Polic\u00eda 2 y guarda de objetos certificado.<br \/>Perros con IPO 1, 2 y 3.<br \/>Deporte del anillo belga.<br \/>Deporte del anillo franc\u00e9s.<br \/>Cada perro de deporte tiene su propio diploma para IPO, es una cartilla de trabajo.<br \/>Perros Detectores: entrenados en la localizaci\u00f3n de explosivos, narc\u00f3ticos, cad\u00e1veres, dinero u olores humanos.<br \/>Perros de custodia, por ejemplo aquellos necesarios para custodiar grandes terrenos y dep\u00f3sitos.<br \/>Perros doble prop\u00f3sito: perros a los que les gusta naturalmente buscar y trabajar. Adem\u00e1s, ellos muestran un instinto b\u00e1sico para la defensa, adem\u00e1s su comportamiento es muy sociable.<br \/>Perros un prop\u00f3sito: estos perros poseen un deseo innato de buscar y pueden utilizarse en todas las \u00e1reas de detecci\u00f3n.<\/p>\n<p style=\"text-align: justify;\"><strong>Perros de trabajo<\/strong><\/p>\n<p style=\"text-align: justify;\">Nuestros perros Pastores Alemanes, Holandeses; Belgas Malinois y Malinois Negro son muy completos en todos los campos. Por supuesto, esto demanda un entrenamiento muy minucioso. Como resultado de a\u00f1os de contactos en Europa y a trav\u00e9s del KNPV, continuamos localizando perros calificados entrenados por los mejores en el mundo. Despu\u00e9s de la compra, los instructores y ayudantes de POLICIAS CANINOS ISRRAEL continuar\u00e1n entrenando a los perros. Esto es perfecto para hacerlos cada vez m\u00e1s valiosos para el futuro entrenador.<\/p>\n<p style=\"text-align: justify;\">Nuestros perros cumplen con todos los requisitos de importancia en el campo laboral y de salud. Como prueba de nuestra fe en esto, le brindamos garant\u00eda total. Esta garant\u00eda se encuentra oficialmente incluida en blanco y negro en nuestras condiciones generales de Venta que se encuentran registradas y certificadas, Adem\u00e1s <strong>POLICIAS CANINOS ISRRAEL<\/strong> entrega perros completos con pasaporte Azul del ejemplar, las vacunas requeridas, rayos X y certificados de codos y caderas. Tambi\u00e9n podemos arreglar el traslado del perro y ocuparnos de los tramites correspondientes.<br \/><strong>POLICIAS CANINOS ISRRAEL<\/strong> cuenta con una clientela s\u00f3lida que incluye a las armadas de los Estados Unidos, Israel, Sur \u00c1frica y Venezuela. Fuerzas policiales de Estados Unidos, Estado de Israel . Kuwait, Yojanes burgo y Venezuela varias fuerzas policiales holandesas, la aduana aeroportuaria, varias compa\u00f1\u00edas de seguridad de alrededor del mundo y clientes del sector privado. \u00bfLe gustar\u00eda saber exactamente quienes son nuestros clientes? Eche un vistazo a nuestra lista de referencia.<\/p>\n<p style=\"text-align: justify;\"><strong>Garant\u00edas y Certificados<\/strong><\/p>\n<p style=\"text-align: justify;\">La calidad es lo que interesa cuando se entrena a perros polic\u00edas y de custodia. Esa es la raz\u00f3n por la que <strong>POLICIAS CANINOS ISRRAEL<\/strong> cuenta con el conocimiento y los certificados necesarios. Desde el a\u00f1o 1998 cuando su propietario Isrrael Mendoza se fusiona con el sr Toom Verschoor quien es miembro de la Asociaci\u00f3n real holandesa de perros polic\u00edas (KNPV, por sus siglas) se desempe\u00f1a como figurante de pruebas Nacionales, es inspector general de KNPV. Adem\u00e1s contin\u00faa en actividad en el deporte de los perros en uno de los clubs fundado y dirigido por el, siendo el principal de su regi\u00f3n actualmente con otra sucursal en Hungria. No solo el propietario sino tambi\u00e9n los dem\u00e1s integrantes del equipo de trabajo, cuentan con los certificados necesarios. Tambi\u00e9n los ayudantes (trabajadores en trajes) completan los cursos necesarios dentro de su propio deporte.<\/p>\n<p style=\"text-align: justify;\">Para obtener los mejores resultados, tanto el perro como el entrenador deben formar un equipo perfecto. Esto se logra al entrenar tanto a los perros como a los entrenadores. El entrenamiento puede por ejemplo orientarse a la detecci\u00f3n de explosivos, narc\u00f3ticos, dinero y olores humanos. <strong>POLICIAS CANINOS ISRRAEL<\/strong>, cuenta con personal especializado y brindar\u00e1 entrenamiento en sus instalaciones dise\u00f1adas con ese prop\u00f3sito, como tambi\u00e9n en las instalaciones del cliente. Despu\u00e9s del entrenamiento el cliente recibir\u00e1 un certificado oficial de <strong>POLICIAS CANINOS ISRRAEL<\/strong>.<\/p>\n<p style=\"text-align: justify;\"><strong>Nuestras Especialidades<\/strong><\/p>\n<p style=\"text-align: justify;\"><strong>Detecci\u00f3n de:<\/strong><br \/>- Narc\u00f3ticos.<br \/>- Explosivos.<br \/>- Cad\u00e1veres.<\/p>\n<p style=\"text-align: justify;\"><strong>Rescate en:<\/strong><br \/>- Rescate en Monta\u00f1a.<br \/>- B\u00fasqueda y Rescate Urbano.<br \/>- B\u00fasqueda y Rescate en Estructuras Colapsadas.<br \/>- B\u00fasqueda y Rescate de Combate.<\/p>\n<p style=\"text-align: justify;\"><strong>Seguridad:<\/strong><br \/>- Protecci\u00f3n y aseguramiento.<br \/>- Perros de per\u00edmetros.<br \/>- Protecci\u00f3n personal.<\/p>\n<p style=\"text-align: justify;\">Todas las actividades se encuentran sujetas a los t\u00e9rminos y condiciones generales.<\/p>\n<p style=\"text-align: justify;\">Se va de vacaciones y no tiene lugar donde dejar a su perro? \u00bfO quiz\u00e1s alg\u00fan otro motivo le dificulta la tarea de cuidar de su perro? Tanto si se trata de un per\u00edodo corto como largo eche un vistazo a lo que le ofrece nuestro criadero. <strong>POLICIAS CANINOS ISRRAEL<\/strong> cuenta con una gran pensi\u00f3n con capacidad para 40 perros.<\/p><\/div>\n\t\t\t<\/div>\n\t\t\t<\/div><div class=\"et_d4_element et_pb_column_1_4 et_pb_column et_pb_column_1  et_pb_css_mix_blend_mode et-last-child et_block_column\">\n\t\t\t\t\n\t\t\t\t\n\t\t\t\t\n\t\t\t\t\n\t\t\t\t<div class=\"et_pb_module et_d4_element ba_image_carousel ba_image_carousel_0 et_pb_sticky_module\">\n\t\t\t\t\n\t\t\t\t\n\t\t\t\t\n\t\t\t\t\n\t\t\t\t\n\t\t\t\t\n\t\t\t\t<div class=\"et_pb_module_inner\">\n\t\t\t\t\t<div class=\"dtq-carousel dtq-image-carousel dtq-carousel-frontend dtq-lightbox-off\" data-settings=\"{&quot;responsive&quot;:[{&quot;breakpoint&quot;:980},{&quot;breakpoint&quot;:767}],&quot;cssEase&quot;:&quot;ease-in-out&quot;,&quot;swipe&quot;:true,&quot;variableWidth&quot;:false,&quot;dots&quot;:false,&quot;arrows&quot;:false,&quot;infinite&quot;:true,&quot;autoplay&quot;:true,&quot;autoplaySpeed&quot;:2000,&quot;speed&quot;:700,&quot;slidesToShow&quot;:1,&quot;slidesToScroll&quot;:1,&quot;centerPadding&quot;:&quot;70px&quot;,&quot;centerMode&quot;:false,&quot;vertical&quot;:false,&quot;prevArrow&quot;:&quot;&lt;button type=\\&quot;button\\&quot; data-icon=\\&quot;&amp;#x34;\\&quot; class=\\&quot;slick-arrow slick-prev\\&quot;&gt;Prev&lt;\\\/button&gt;&quot;,&quot;nextArrow&quot;:&quot;&lt;button type=\\&quot;button\\&quot; data-icon=\\&quot;&amp;#x35;\\&quot; class=\\&quot;slick-arrow slick-next\\&quot;&gt;Prev&lt;\\\/button&gt;&quot;}\" >\n                    <div class=\"et_d4_element ba_image_carousel_child ba_image_carousel_child_0 ba_et_pb_module\">\n\t\t\t\t\n\t\t\t\t\n\t\t\t\t\n\t\t\t\t\n\t\t\t\t\n\t\t\t\t\n\t\t\t\t<div class=\"et_pb_module_inner\">\n\t\t\t\t\t<div class=\"dtq-carousel-item dtq-image-carousel-item dtq-swapped-img-selector dtq-hover--none\">\n                 <figure class=\"dtq-figure\">\n                    \n                    <img decoding=\"async\" class=\"dtq-swapped-img \" data-mfp-src=\"https:\/\/policiascaninosisrrael.com.ve\/pciwp\/wp-content\/uploads\/2023\/09\/Instalaciones001.jpeg\" src=\"https:\/\/policiascaninosisrrael.com.ve\/pciwp\/wp-content\/uploads\/2023\/09\/Instalaciones001.jpeg\"  alt=\"\"\/>\n                <\/figure> <div class=\"content content--center content--normal\"><div class=\"content-inner\"> <h3 class=\"dtq-image-title\">Instalaciones<\/h3>  <\/div><\/div>\n\t\t\t<\/div>\n\t\t\t\t<\/div>\n\t\t\t<\/div><div class=\"et_d4_element ba_image_carousel_child ba_image_carousel_child_1 ba_et_pb_module\">\n\t\t\t\t\n\t\t\t\t\n\t\t\t\t\n\t\t\t\t\n\t\t\t\t\n\t\t\t\t\n\t\t\t\t<div class=\"et_pb_module_inner\">\n\t\t\t\t\t<div class=\"dtq-carousel-item dtq-image-carousel-item dtq-swapped-img-selector dtq-hover--none\">\n                 <figure class=\"dtq-figure\">\n                    \n                    <img decoding=\"async\" class=\"dtq-swapped-img \" data-mfp-src=\"https:\/\/policiascaninosisrrael.com.ve\/pciwp\/wp-content\/uploads\/2023\/09\/Casa_policias_010.jpeg\" src=\"https:\/\/policiascaninosisrrael.com.ve\/pciwp\/wp-content\/uploads\/2023\/09\/Casa_policias_010.jpeg\"  alt=\"\"\/>\n                <\/figure> <div class=\"content content--center content--normal\"><div class=\"content-inner\"> <h3 class=\"dtq-image-title\">Instalaciones<\/h3>  <\/div><\/div>\n\t\t\t<\/div>\n\t\t\t\t<\/div>\n\t\t\t<\/div><div class=\"et_d4_element ba_image_carousel_child ba_image_carousel_child_2 ba_et_pb_module\">\n\t\t\t\t\n\t\t\t\t\n\t\t\t\t\n\t\t\t\t\n\t\t\t\t\n\t\t\t\t\n\t\t\t\t<div class=\"et_pb_module_inner\">\n\t\t\t\t\t<div class=\"dtq-carousel-item dtq-image-carousel-item dtq-swapped-img-selector dtq-hover--none\">\n                 <figure class=\"dtq-figure\">\n                    \n                    <img decoding=\"async\" class=\"dtq-swapped-img \" data-mfp-src=\"https:\/\/policiascaninosisrrael.com.ve\/pciwp\/wp-content\/uploads\/2023\/09\/Casa_policias_009.jpeg\" src=\"https:\/\/policiascaninosisrrael.com.ve\/pciwp\/wp-content\/uploads\/2023\/09\/Casa_policias_009.jpeg\"  alt=\"\"\/>\n                <\/figure> <div class=\"content content--center content--normal\"><div class=\"content-inner\"> <h3 class=\"dtq-image-title\">Instalaciones<\/h3>  <\/div><\/div>\n\t\t\t<\/div>\n\t\t\t\t<\/div>\n\t\t\t<\/div><div class=\"et_d4_element ba_image_carousel_child ba_image_carousel_child_3 ba_et_pb_module\">\n\t\t\t\t\n\t\t\t\t\n\t\t\t\t\n\t\t\t\t\n\t\t\t\t\n\t\t\t\t\n\t\t\t\t<div class=\"et_pb_module_inner\">\n\t\t\t\t\t<div class=\"dtq-carousel-item dtq-image-carousel-item dtq-swapped-img-selector dtq-hover--none\">\n                 <figure class=\"dtq-figure\">\n                    \n                    <img decoding=\"async\" class=\"dtq-swapped-img \" data-mfp-src=\"https:\/\/policiascaninosisrrael.com.ve\/pciwp\/wp-content\/uploads\/2023\/09\/Cancha1.jpeg\" src=\"https:\/\/policiascaninosisrrael.com.ve\/pciwp\/wp-content\/uploads\/2023\/09\/Cancha1.jpeg\"  alt=\"\"\/>\n                <\/figure> <div class=\"content content--center content--normal\"><div class=\"content-inner\"> <h3 class=\"dtq-image-title\">Cancha 1<\/h3>  <\/div><\/div>\n\t\t\t<\/div>\n\t\t\t\t<\/div>\n\t\t\t<\/div><div class=\"et_d4_element ba_image_carousel_child ba_image_carousel_child_4 ba_et_pb_module\">\n\t\t\t\t\n\t\t\t\t\n\t\t\t\t\n\t\t\t\t\n\t\t\t\t\n\t\t\t\t\n\t\t\t\t<div class=\"et_pb_module_inner\">\n\t\t\t\t\t<div class=\"dtq-carousel-item dtq-image-carousel-item dtq-swapped-img-selector dtq-hover--none\">\n                 <figure class=\"dtq-figure\">\n                    \n                    <img decoding=\"async\" class=\"dtq-swapped-img \" data-mfp-src=\"https:\/\/policiascaninosisrrael.com.ve\/pciwp\/wp-content\/uploads\/2023\/09\/Cancha2.jpeg\" src=\"https:\/\/policiascaninosisrrael.com.ve\/pciwp\/wp-content\/uploads\/2023\/09\/Cancha2.jpeg\"  alt=\"\"\/>\n                <\/figure> <div class=\"content content--center content--normal\"><div class=\"content-inner\"> <h3 class=\"dtq-image-title\">Cancha 2<\/h3>  <\/div><\/div>\n\t\t\t<\/div>\n\t\t\t\t<\/div>\n\t\t\t<\/div><div class=\"et_d4_element ba_image_carousel_child ba_image_carousel_child_5 ba_et_pb_module\">\n\t\t\t\t\n\t\t\t\t\n\t\t\t\t\n\t\t\t\t\n\t\t\t\t\n\t\t\t\t\n\t\t\t\t<div class=\"et_pb_module_inner\">\n\t\t\t\t\t<div class=\"dtq-carousel-item dtq-image-carousel-item dtq-swapped-img-selector dtq-hover--none\">\n                 <figure class=\"dtq-figure\">\n                    \n                    <img decoding=\"async\" class=\"dtq-swapped-img \" data-mfp-src=\"https:\/\/policiascaninosisrrael.com.ve\/pciwp\/wp-content\/uploads\/2023\/09\/Curso_explosivos_pci_001.jpeg\" src=\"https:\/\/policiascaninosisrrael.com.ve\/pciwp\/wp-content\/uploads\/2023\/09\/Curso_explosivos_pci_001.jpeg\"  alt=\"\"\/>\n                <\/figure> <div class=\"content content--center content--normal\"><div class=\"content-inner\"> <h3 class=\"dtq-image-title\">Curso de Explosivos<\/h3>  <\/div><\/div>\n\t\t\t<\/div>\n\t\t\t\t<\/div>\n\t\t\t<\/div><div class=\"et_d4_element ba_image_carousel_child ba_image_carousel_child_6 ba_et_pb_module\">\n\t\t\t\t\n\t\t\t\t\n\t\t\t\t\n\t\t\t\t\n\t\t\t\t\n\t\t\t\t\n\t\t\t\t<div class=\"et_pb_module_inner\">\n\t\t\t\t\t<div class=\"dtq-carousel-item dtq-image-carousel-item dtq-swapped-img-selector dtq-hover--none\">\n                 <figure class=\"dtq-figure\">\n                    \n                    <img decoding=\"async\" class=\"dtq-swapped-img \" data-mfp-src=\"https:\/\/policiascaninosisrrael.com.ve\/pciwp\/wp-content\/uploads\/2023\/09\/Curso_explosivos_pci_002.jpeg\" src=\"https:\/\/policiascaninosisrrael.com.ve\/pciwp\/wp-content\/uploads\/2023\/09\/Curso_explosivos_pci_002.jpeg\"  alt=\"\"\/>\n                <\/figure> <div class=\"content content--center content--normal\"><div class=\"content-inner\"> <h3 class=\"dtq-image-title\">Curso de Explosivos<\/h3>  <\/div><\/div>\n\t\t\t<\/div>\n\t\t\t\t<\/div>\n\t\t\t<\/div>\n                <\/div>\n\t\t\t\t<\/div>\n\t\t\t<\/div>\n\t\t\t<\/div>\n\t\t\t\t\n\t\t\t\t\n\t\t\t\t\n\t\t\t\t\n\t\t\t<\/div>\n\t\t\t\t\n\t\t\t\t\n\t\t\t<\/div>\n","protected":false},"excerpt":{"rendered":"","protected":false},"author":1,"featured_media":0,"parent":0,"menu_order":0,"comment_status":"closed","ping_status":"closed","template":"","meta":{"_et_pb_use_builder":"on","_et_pb_old_content":"","_et_gb_content_width":"","footnotes":""},"class_list":["post-331","page","type-page","status-publish","hentry"],"aioseo_notices":[],"_links":{"self":[{"href":"https:\/\/policiascaninosisrrael.com.ve\/pciwp\/wp-json\/wp\/v2\/pages\/331","targetHints":{"allow":["GET"]}}],"collection":[{"href":"https:\/\/policiascaninosisrrael.com.ve\/pciwp\/wp-json\/wp\/v2\/pages"}],"about":[{"href":"https:\/\/policiascaninosisrrael.com.ve\/pciwp\/wp-json\/wp\/v2\/types\/page"}],"author":[{"embeddable":true,"href":"https:\/\/policiascaninosisrrael.com.ve\/pciwp\/wp-json\/wp\/v2\/users\/1"}],"replies":[{"embeddable":true,"href":"https:\/\/policiascaninosisrrael.com.ve\/pciwp\/wp-json\/wp\/v2\/comments?post=331"}],"version-history":[{"count":16,"href":"https:\/\/policiascaninosisrrael.com.ve\/pciwp\/wp-json\/wp\/v2\/pages\/331\/revisions"}],"predecessor-version":[{"id":598,"href":"https:\/\/policiascaninosisrrael.com.ve\/pciwp\/wp-json\/wp\/v2\/pages\/331\/revisions\/598"}],"wp:attachment":[{"href":"https:\/\/policiascaninosisrrael.com.ve\/pciwp\/wp-json\/wp\/v2\/media?parent=331"}],"curies":[{"name":"wp","href":"https:\/\/api.w.org\/{rel}","templated":true}]}}