{"id":281,"date":"2023-09-14T21:37:50","date_gmt":"2023-09-15T01:37:50","guid":{"rendered":"https:\/\/policiascaninosisrrael.com.ve\/pciwp\/?page_id=281"},"modified":"2024-10-02T11:14:20","modified_gmt":"2024-10-02T15:14:20","slug":"curriculum-vitae","status":"publish","type":"page","link":"https:\/\/policiascaninosisrrael.com.ve\/pciwp\/curriculum-vitae\/","title":{"rendered":"Curriculum Vitae"},"content":{"rendered":"<div class=\"et_d4_element et_pb_section et_pb_section_0  et_pb_css_mix_blend_mode et_section_regular et_block_section\" >\n\t\t\t\t\n\t\t\t\t\n\t\t\t\t\n\t\t\t\t\n\t\t\t\t\n\t\t\t\t\n\t\t\t\t<div class=\"et_d4_element et_pb_row et_pb_row_0 et_pb_equal_columns et_pb_gutters2  et_pb_css_mix_blend_mode et_block_row\">\n\t\t\t\t<div class=\"et_d4_element et_pb_column_3_4 et_pb_column et_pb_column_0  et_pb_css_mix_blend_mode et_block_column\">\n\t\t\t\t\n\t\t\t\t\n\t\t\t\t\n\t\t\t\t\n\t\t\t\t<div class=\"et_pb_module et_d4_element et_pb_text et_pb_text_0  et_pb_text_align_left et_pb_bg_layout_light\">\n\t\t\t\t\n\t\t\t\t\n\t\t\t\t\n\t\t\t\t\n\t\t\t\t<div class=\"et_pb_text_inner\"><h1 style=\"text-align: justify;\"><strong>Mendoza Rea, Isrrael J\u00f3se<br \/><\/strong><\/h1>\n<p style=\"text-align: justify;\">Tel\u00e9fonos: M\u00f3vil 04120906927 \/ Habit. 0412 5582070<\/p>\n<p style=\"text-align: justify;\"><strong>Correos Electr\u00f3nicos:<\/strong><\/p>\n<p style=\"padding-left: 40px; text-align: justify;\"><a href=\"mailto:Isrrael_mendozak9@hotmail.com\">Isrrael_mendozak9@hotmail.com<\/a> - <a href=\"mailto:isrrael.mendoza@gmail.com\">isrrael.mendoza@gmail.com<\/a> - <a href=\"mailto:Isrrael.mendoza@criaderohohenberg.com.ve\">Isrrael.mendoza@criaderohohenberg.com.ve<\/a> - <a href=\"mailto:Isrrael.mendoza@policiascaninosisrrael.com.ve\">Isrrael.mendoza@policiascaninosisrrael.com.ve<\/a> <\/p>\n<p style=\"text-align: justify;\"><strong>Formaci\u00f3n Acad\u00e9mica:<\/strong><\/p>\n<p style=\"padding-left: 40px; text-align: justify;\">Juez Internacional IGP (International Gebrauchshund Prufung)<br \/>Juez Internacional FCI (Federaci\u00f3n Cinol\u00f3gica Internacional)<br \/>Juez Internacional COAPA (Confederaci\u00f3n Americana del Pastor Alem\u00e1n)<br \/>Juez Nacional FCV (Federaci\u00f3n Canina de Venezuela)<br \/>Juez Internacional IFR (International Federation of Rottweiler)<br \/><strong><\/strong><\/p>\n<p style=\"text-align: justify;\"><strong>Especializaciones:<\/strong><\/p>\n<p style=\"padding-left: 40px; text-align: justify;\">Rastro Perros de Utilidad<br \/>Obediencia Perros de Utilidad<br \/>Protecci\u00f3n Perros de Utilidad<br \/>Perros detectores de Narc\u00f3ticos<br \/>Perros detectores de Explosivos<br \/>Perros detectores de Cad\u00e1veres<br \/>Perros detectores de papel moneda ($ y euros)<br \/>Educaci\u00f3n Superior: I.U.T. \u201cNuevas Profesiones\u201d Caracas.<br \/>Titulo obtenido: T\u00e9cnico Superior Universitario Menci\u00f3n Electr\u00f3nica<br \/>Instituto Diversificado \u201cRoberto Mart\u00ednez Centeno\u201d Caricuao<br \/>Titulo obtenido: Bachiller en Ciencias.<br \/>Liceo G.N. \u201cCap. Pedro Ma. Ochoa Morales\u201d Los Teques<br \/>Educaci\u00f3n B\u00e1sica: \u201cGrupo Escolar Ciudad Cuatricentenaria\u201d Caricuao.<\/p>\n<p style=\"text-align: justify;\"><strong>Experiencia Laboral:<\/strong><\/p>\n<ul style=\"text-align: justify;\">\n<li>\u00a0Automatismos Rodr\u00edguez, Puertas Electr\u00f3nicas y a Control Remoto. 1984 - 1988<br \/>Cargo: Jefe del Departamento T\u00e9cnico de Electr\u00f3nica<\/li>\n<li>Asociaci\u00f3n de Criadores del Perro Pastor Alem\u00e1n de Venezuela.\n<ul>\n<li>Cargo: Fundador 1991 - actual.<\/li>\n<li>Vocal 1991 - actual.<\/li>\n<li>Director de Adiestramiento 1991-1995.<\/li>\n<li>Monitor 1995-actual.<\/li>\n<li>Figurante Certificado ACPPAV 1991-actual.<\/li>\n<li>Vicepresidente 2004-actual.<\/li>\n<li>Director de Pruebas de Trabajo, \u201cOrganizador de Concursos, exposiciones y pruebas de Trabajo.\u201d 1995-2002.<\/li>\n<li>Presidente 2003-2010.<\/li>\n<li>Juez de conformaci\u00f3n, adiestramiento y maestro de selecci\u00f3n, licenciado por ACPPAV, COAPA, WUSV, FCV, FCI. 2010 -actual.<\/li>\n<\/ul>\n<\/li>\n<li>Figurante VDH(vereniging van fokkers en liefhebbers van Duitse herdershonden Holanda)1998 - 2002.<\/li>\n<li>Figurante del Club de KNPV Moergestel. Holanda 1998 \u2013 2002<\/li>\n<li>Trabajos de KNPV en el Club del Sr. Toon Verchoor Holanda 1998 \u2013 2002<\/li>\n<li>Instituto Aut\u00f3nomo de Polic\u00eda del Municipio Sucre 1994 \u2013 2002\n<ul>\n<li>Cargo. Instructor Maestro Canino, Profesor de la c\u00e1tedra de polic\u00edas caninos de la Academia del Municipio Sucre,Sub inspector.<\/li>\n<\/ul>\n<\/li>\n<li>Instituto Aut\u00f3nomo de Polic\u00eda del Municipio Chacao 1996 \u2013 1999\n<ul>\n<li>Cargo: Instructor y Asesor Canino.<\/li>\n<\/ul>\n<\/li>\n<li>Miembro del concejo Directivo De la Federaci\u00f3n Caninade Venezuela (FCV) 2002 \u2013 2010<\/li>\n<li>Presidente de la Comisi\u00f3n de Adiestramiento de la FCV 2002 \u2013 actual<\/li>\n<li>Instituto Aut\u00f3nomo Polic\u00eda Municipal de Plaza 2003 - 2005\n<ul>\n<li>Cargo: Maestro Instructor Canino e Inspector (Fundador Jefe de unidad Canina)<\/li>\n<\/ul>\n<\/li>\n<li>Juez Internacional de IPO todas las razas FCV, FCI 2010 - actual<\/li>\n<li>Juez IPO Club Rottweiler de Venezuela, IFR, FCV, FCI 2012 - actual<\/li>\n<li>Instituto Aut\u00f3nomo de Polic\u00eda del Estado Miranda 2004 \u2013 2010\n<ul>\n<li>Cargo: Comisario General (jefe de la Divisi\u00f3n Canina),Supervisor Direcci\u00f3n de Operaciones<\/li>\n<\/ul>\n<\/li>\n<li>Club Rottweiler de Venezuela. Director de la comisi\u00f3n de trabajo y conformaci\u00f3n. 2011- actual<\/li>\n<li>Instituto Aut\u00f3nomo Polic\u00eda del Municipio el Hatillo2010 - 2011\n<ul>\n<li>Cargo: Comisario General (Jefe de Unidad Canina)<\/li>\n<\/ul>\n<\/li>\n<li>Comandancia en Jefe Guardia Honor Presidencial Brigada Especial de Aseguramiento y Protecci\u00f3n Presidencial 2015-2017\n<ul>\n<li>Cargo: Jefe de instrucci\u00f3n Canina<\/li>\n<\/ul>\n<\/li>\n<\/ul>\n<p style=\"text-align: justify;\"><strong>Instrucci\u00f3n en instituciones policiales y militares:<\/strong><\/p>\n<ul style=\"text-align: justify;\">\n<li>Polic\u00eda Municipal de Zamora 2011- 2013\n<ul>\n<li>Cargo: Maestro Instructor<\/li>\n<\/ul>\n<\/li>\n<li>Polic\u00eda Municipal de Mari\u00f1o 1997 - 1999\n<ul>\n<li>Cargo: Maestro Instructor<\/li>\n<\/ul>\n<\/li>\n<li>Polic\u00eda del Estado de M\u00e9rida\u00a0 2008 \u2013 2010\n<ul>\n<li>Cargo: Maestro Instructor<\/li>\n<\/ul>\n<\/li>\n<li>Polic\u00eda Municipal de San Francisco 2006 \u2013 2010\n<ul>\n<li>Cargo: Maestro Instructor<\/li>\n<\/ul>\n<\/li>\n<li>Polic\u00eda Municipal de Maracaibo 2007 - 2011\n<ul>\n<li>Cargo: Maestro Instructor<\/li>\n<\/ul>\n<\/li>\n<li>Polic\u00eda Regional 2006 \u2013 2011\n<ul>\n<li>Cargo: Maestro Instructor<\/li>\n<\/ul>\n<\/li>\n<li>Guardia Nacional Bolivariana de Venezuela 2015-2017<\/li>\n<li>Comando Nacional antidrogas Centro de Entrenamiento Canino, TT (F) Roseliano Antonio Rodr\u00edguez\n<ul>\n<li>Cargo: Instructor Facilitador<\/li>\n<\/ul>\n<\/li>\n<li>Armada Bolivariana de Venezuela. 2016\n<ul>\n<li>Brigada de Polic\u00eda Naval \u201cGran Mariscal de Ayacucho\u201d Unidad de Adiestramiento Canino<\/li>\n<li>Cargo: Instructor Facilitador<\/li>\n<\/ul>\n<\/li>\n<li>U.O.T.E (Unidad de Operaciones t\u00e1cticas Especiales del cuerpo de Polic\u00eda Nacional Bolivariana.2019-2023\n<ul>\n<li>Cargo: Comisario General (jefe de la Brigada de Operaciones T\u00e1cticas Canicas.<\/li>\n<\/ul>\n<\/li>\n<li>Divisi\u00f3n canina Cuerpo de Polic\u00eda Nacional Bolivariana 2022-2023\n<ul>\n<li>Cargo: Comisario General (director)<\/li>\n<\/ul>\n<\/li>\n<\/ul>\n<p style=\"text-align: justify;\"><strong>Habilidades y Destrezas:<\/strong><\/p>\n<ul style=\"text-align: justify;\">\n<li>Especialista en integraci\u00f3n de grupos y equipos de trabajo.<\/li>\n<li>Manejo y conducci\u00f3n de ejemplares caninos.<\/li>\n<li>Especialista en interpretaci\u00f3n de la gesticulaci\u00f3n de los canes.<\/li>\n<\/ul>\n<p style=\"text-align: justify;\"><strong>Ejemplares Formados, Titulados y Certificados:<\/strong><\/p>\n<ul style=\"text-align: justify;\">\n<li>Pastor Alem\u00e1n Shitan PAB,PA,PAA,CG1,CG2,CG3. 1992<\/li>\n<li>Pastor Holand\u00e9s Nico NNDDA # 9304. 1996<\/li>\n<li>Pastor Alem\u00e1n Ido V.D. Zomerdijlanden, VZH, VHI,VH2,VH3. 1995<\/li>\n<li>Pastor Aleman Paula von Sofienwald, BH, Schh1, Schh2, Schh3. 2000<\/li>\n<li>Pastor Aleman Largo vom Merfelder Bruch, Schh3. 2000<\/li>\n<li>Pastor Holandes Donna PH1 Met Lof 429ptos. 2001<\/li>\n<li>Pastor Belga Malinois Sibo BH, IPO1, IPO2, IPO3. 2002<\/li>\n<li>Pastor Belga Malinois Tanya BH, IPO1, IPO2, IPO3. 2002<\/li>\n<li>Pastor Belga Malinois Angel BH, IPO1, IPO2, IPO3. 2003<\/li>\n<li>Pastor Alem\u00e1n Arco V. Cawa Hoeve RCI1, RCI2, RCI3. 2005<\/li>\n<li>Pastor Holand\u00e9s Attes NNDDA#15686. 2010<\/li>\n<li>Pastor Aleman Fenja v.d. Burg Haidstein Schh1, Schh2, IPO3. 2012<\/li>\n<li>Pastor Holand\u00e9s QK BH +, USC 1. 2015<\/li>\n<li>Pastor Holandes Pandora USC +. 2016<\/li>\n<li>Pastor Holandes Quazar BH+, USC+, Explosivos. 2017<\/li>\n<li>Pastor Holandes Quirro USC+. 2018<\/li>\n<li>Pastor Holandes Rose USC. 2018<\/li>\n<li>Pastor Belga Malinois Max USC-Narcoticos. 2020<\/li>\n<li>Pastor Belga Malinois Omar USC-Explosivos. 2021<\/li>\n<li>Pastor Holandes Kai Narc\u00f3ticos. 2022<\/li>\n<li>Pastor Alem\u00e1n Hurry-Cane IGP2. 2023<\/li>\n<\/ul>\n<p style=\"text-align: justify;\"><strong>Cursos y Talleres:<\/strong><\/p>\n<ul style=\"text-align: justify;\">\n<li>Adiestramiento avanzado Schutzhund III F.H. (Perros para Rastro) EEUU 1982<\/li>\n<li>Seminario de Adiestramiento de Rastro, obediencia, protecci\u00f3n y Hombre de ataque. \u201cConfederaci\u00f3n Latinoamericana del Perro Pastor Alem\u00e1n (COAPA)\u201d Venezuela. 1986<\/li>\n<li>Seminario y Trabajo de Perros Polic\u00edas. Polic\u00eda Nacional de Espa\u00f1a 1990<\/li>\n<li>Curso de Crianza y Estructura. Venezuela 1992<\/li>\n<li>Certificado de Participaci\u00f3n en la conferencia de la Asociaci\u00f3n de Criadores del Perro Pastor Alem\u00e1n de Venezuela. 1992<\/li>\n<li>Mejoramiento de t\u00e9cnicas de conducta de los canes. Venezuela 1993<\/li>\n<li>Curso de Adiestramiento y Estructura del Pastor Alem\u00e1n. Venezuela 1994<\/li>\n<li>Conferencia Anual de Polic\u00edas Caninos San Juan Puerto Rico 1995<\/li>\n<li>Conferencia de Polic\u00edas Caninos Polisucre. Venezuela 1995<\/li>\n<li>Curso de Detecci\u00f3n de Narc\u00f3ticos y Protecci\u00f3n. Polic\u00eda de Aragua. Venezuela 1995<\/li>\n<li>Curso de Detecci\u00f3n de Narc\u00f3ticos Dog Work profesional. Florida. EEUU. 1995<\/li>\n<li>T\u00e9cnicas de Polic\u00edas Caninos Dog Work profesional. Florida. EEUU. 1996<\/li>\n<li>Master de Schutzhund WUSV Holanda 1997<\/li>\n<li>Master de KNPV detection of Explosive and Cadavers Holanda. 1997<\/li>\n<li>Curso de Penetraci\u00f3n de Instalaciones y Detecci\u00f3n de Cad\u00e1veres. Team SWAT New York State Police USA. 1997<\/li>\n<li>Conferencia de Cria, Est\u00e1ndar y Adiestramiento del Pastor Alem\u00e1n. Facultad de Ciencias Veterinarias Venezuela. 1997<\/li>\n<li>Seminario de KNPV Florida USA 1998<\/li>\n<li>Curso de Detecci\u00f3n de Narc\u00f3ticos y Cad\u00e1veres Police Brooksville. USA 1998<\/li>\n<li>Curso de Detecci\u00f3n de Explosivos Polic\u00eda LAKE WALES. USA 1998<\/li>\n<li>Curso de instructores y facilitadores en prevenci\u00f3n de Drogas. Colegio de Abogados de Venezuela 1999<\/li>\n<li>Reconocimiento de la 40 promoci\u00f3n de agentes patrulleros \u201cGran Mariscal Antonio Jos\u00e9 de Sucre\u201d Polic\u00eda de Sucre Venezuela. 1999<\/li>\n<li>Actividad operacional de la Polic\u00eda del estado de Israel. Venezuela 1999<\/li>\n<li>Taller Pr\u00e1ctico de Emergencia Veterinaria. Polic\u00eda Municipal de Mari\u00f1o Div. Academia. Porlamar Venezuela. 1999<\/li>\n<li>Seminario de Detecci\u00f3n de Narc\u00f3ticos, explosivos, cad\u00e1veres y patrullaje.Holanda. 2000<\/li>\n<li>Curso de detectores de acelerantes y detonantes. Polic\u00eda de Holanda 2001<\/li>\n<li>Reconocimiento a la Valiosa Labor al Servicio de la Instituci\u00f3n de la Polic\u00eda municipal de Plaza Venezuela. 2003<\/li>\n<li>Certificado como Instructor y Facilitador en el Curso de Manejo y T\u00e9cnicas con Canes Policiales Polic\u00eda Municipal de Sucre. Venezuela. 2004<\/li>\n<li>Reconocimiento como Instructor y Facilitador en el II Curso de Gu\u00edas Caninos Polic\u00eda de Caracas. Venezuela. 2004<\/li>\n<li>Reconocimiento por su Tesonera, Digna, encomiable, ejemplar e invalorable, Apoyo y Colaboraci\u00f3n, puesta de Manifiesto en el logro de los Objetivos comunes, propuestos por la Instituci\u00f3n DISIP. Venezuela. 2004<\/li>\n<li>II Seminario de entrenamiento deportivo para perros de trabajo (Schutzhund) Venezuela. 2005<\/li>\n<li>I Taller de Acciones inmediatas en caso de secuestro. Direcci\u00f3n de Investigaciones e Inteligencia. Venezuela 2005<\/li>\n<li>Curso de Higiene y Seguridad Ocupacional. INCE. Venezuela. 2005.<\/li>\n<li>Foro de Edificaciones Inteligentes de \u00daltima Generaci\u00f3n. Garal Sistemas. Venezuela. 2005.<\/li>\n<li>Reconocimiento por el excelente Apoyo Brindado a esta Instituci\u00f3n, en el proceso de Alistamiento Militar Ministerio de la Defensa Cirmil Miranda. Venezuela. 2005.<\/li>\n<li>Inteligencia Emocional. Departamento de Psicolog\u00eda IAPEM Venezuela, 2006<\/li>\n<li>Curso de Herramientas te\u00f3rico \u2013 pr\u00e1cticas para la formaci\u00f3n y sensibilizaci\u00f3n de los funcionarios en materia de prevenci\u00f3n sobre el tr\u00e1fico y consumo de drogas. Venezuela. 2006<\/li>\n<li>I Seminario de la disciplina Chaiu Do Kwan. Curso de defensa personal policial. Escuela de Karate Bravos Guerreros del Vig\u00eda. Venezuela. 2006<\/li>\n<li>Reconocimiento por la Excelente Participaci\u00f3n y Profesionalismo en las Charlas y Exhibici\u00f3n al IAFE los Valles del Tuy. Venezuela. 2006<\/li>\n<li>Seminario de Adiestramiento Canino. Asociaci\u00f3n de Pastores Alemanes del Zulia. Venezuela. 2006<\/li>\n<li>Manejo de Cuerdas y Rescate de v\u00edctimas. (Bomberos del Estado Miranda) Grupo de Rescate. 2006<\/li>\n<li>Certificado a la excelente Labor al exhibir con profesionalismo el entrenamiento realizado a los ejemplares caninos, U.E.N.B. Venezuela. 2007<\/li>\n<li>Seminario de Adiestramiento Canino Anzo\u00e1tegui. ACPPAV. 2007<\/li>\n<li>I Seminario Internacional de introducci\u00f3n y practica del RCI de Solare's Kennel. Venezuela. 2007<\/li>\n<li>Reconocimiento por su excelente participaci\u00f3n en la 4ta Jornada de Prevenci\u00f3n Control y Perdidas (PCP) Polic\u00eda de Miranda. 2007<\/li>\n<li>Certificado por el Apoyo Irrestricto en el Desarrollo de las 4tas Jornadas de PCP PDVSA-INTEVEP. Venezuela. 2007<\/li>\n<li>El Club de Educaci\u00f3n Canina de Montigny \u201cFrancia\u201d, La Colle Di Sale Cinofili CDS de \u201cITALIA\u201d La Polic\u00eda del Estado Nueva Esparta se complace en otorgar Diploma por la organizaci\u00f3n del primer Stage de entrenamiento de la Practica Internacional de R.C.I. Perros de Utilidad y Trabajo Policial, Venezuela. 2008<\/li>\n<li>Curso Introductorio sobre la Ley del Servicio de Polic\u00eda y el cuerpo Nacional. Venezuela. 2008<\/li>\n<li>Certificado al excelente profesionalismo demostrado como Figurante durante las Certificaciones de trabajo, Selecci\u00f3n y Exposici\u00f3n de A.C.P.P.A.V. Venezuela. 2008<\/li>\n<li>Reconocimiento destacada demostraci\u00f3n de la divisi\u00f3n Canina de Polimiranda. Venezuela. 2008<\/li>\n<li>Reconocimiento al extraordinario trabajo durante el operativo de requisa en el Centro Nacional de Procesados Militares (CENAPROMIL) Venezuela. 2008<\/li>\n<li>Reconocimiento como Facilitador en el Taller de Prevenci\u00f3n Integral Ministerio del Poder Popular para la Educaci\u00f3n. Venezuela. 2008<\/li>\n<li>Bot\u00f3n de Merito al Trabajo en Reconocimiento a su Valioso Aporte en Provecho del Desarrollo del Instituto Neoespartano de Polic\u00eda. Venezuela. 2008<\/li>\n<li>Certificado Charlas y Exhibiciones de la Divisi\u00f3n Canina del IAPEM. PDVSAINTEVEP. Venezuela. 20008<\/li>\n<li>Primera promocional RCI Margarita. 2008<\/li>\n<li>Seminario de Adiestramiento Canino Anzo\u00e1tegui. ACPPAV Venezuela. 2008<\/li>\n<li>Certificado taller de Chequeo Te\u00f3rico-Pr\u00e1ctico de Traslado Aerom\u00e9dico y Helit\u00e1ctica. Base A\u00e9rea \u201cGeneral\u00edsimo Francisco de Miranda\u201d la Carlota Venezuela. 2009<\/li>\n<li>Agradecimiento INEPOL, FCV y De Solare's Kennel, por la planificaci\u00f3n y Organizaci\u00f3n de la competencia Nacional de perros de trabajo copa INEPOL, Venezuela. 2009<\/li>\n<li>Reconocimiento del Instituto Aut\u00f3nomo Polic\u00eda de Maneiro como baluarte nacional en el entrenamiento de perros de trabajo policial y su gran respaldo al proceso de formaci\u00f3n de las brigadas caninas policiales en todo el pa\u00eds. Venezuela. 2009<\/li>\n<li>Instituto Neoespartano de Polic\u00eda, Orden de condecoraci\u00f3n Cruz de la Polic\u00eda Neoespartana en su tercera Clase. Nueva Esparta, Venezuela. 2009<\/li>\n<li>Certificaci\u00f3n de Figurante (Hombre de Ataque RCI), de la comisi\u00f3n De adiestramiento de FCV. Juez Daniel Thibut(B\u00e9lgica). 2009<\/li>\n<li>Diploma por el excelente profesionalismo y destacado trabajo demostrado en las Certificaciones de R.C.I. de la\u00a0Comisi\u00f3n de Adiestramiento de la FCV y Pruebas de Selecci\u00f3n de Cr\u00eda y Test de Coraje de la ACPPAV. Venezuela. 2009<\/li>\n<li>Seminario de T\u00e9cnicas de Adiestramiento de RCI en sus tres disciplinas; RASTRO, OBEDIENCIA y DEFENSA. Venezuela. 2009<\/li>\n<li>Revalidaci\u00f3n de certificaci\u00f3n de figurante. Juez Daniel Thibut (B\u00e9lgica). 2009<\/li>\n<li>Figurantes para las certificaciones. FCV. RCI I II III. Jean Bruna (Francia) 2009<\/li>\n<li>Figurantes para las certificaciones. ACPPAV. Selecci\u00f3n de cr\u00eda. Leonard Scheweikert (Alemania). 2009<\/li>\n<li>Figurantes para las certificaciones. ACPPAV. SIEGER VENEZOLANO. Leonard Scheweikert (Alemania). 2009<\/li>\n<li>Cumplimiento de pasant\u00edas, as\u00ed como ex\u00e1menes te\u00f3ricos y pr\u00e1ctico bajo reglamentos de la Comisi\u00f3n de adiestramiento de la FCV y la FCI. Juez examinador Daniel Thibaut (B\u00e9lgica). 2010<\/li>\n<li>Reconocimiento de la junta directiva de ACPPAV en el SIEGER por su inalcanzable labor. Venezuela. 2010<\/li>\n<li>Figurante del Campeonato. COPA MARGARITA RCI CACIT al campe\u00f3n 2010<\/li>\n<li>Figurantes para la certificaci\u00f3n. FCV. BH +. Daniel Thibu (B\u00e9lgica) 2010<\/li>\n<li>Figurantes para la certificaci\u00f3n. FCV. RCI 3. Jean Bruna (Francia) 2010<\/li>\n<li>Figurantes para certificaci\u00f3n. FCV. BH+, RCIA, RCI1. Vicent Solare. (Francia). 2010<\/li>\n<li>Figurantes para certificaci\u00f3n ACPPAV. SIEGER X 2010. Hugo del Carpio (Per\u00fa) 2010<\/li>\n<li>Figurantes para certificaci\u00f3n. ACPPAV. SIEGER X 2010. Vicent Solare (Francia) 2010<\/li>\n<li>SEMINARIO DE T\u00e9cnicas de Adiestramiento de RCI en sus tres disciplinas: rastro, obediencia y defensa en Nirgua, Edo Yaracuy por Iv\u00e1n Balabanov (bicampe\u00f3n del mundo). Venezuela. 2011<\/li>\n<li>Asociaci\u00f3n de ganaderos del Estado T\u00e1chira. Seminario y exhibici\u00f3n\u00a0 perros de patrullaje y detecci\u00f3n de narc\u00f3ticos. 2011<\/li>\n<li>PDVSA lagunillas EXPO SEGURIDAD PCP 2011. Gerencia de prevenci\u00f3n y control de p\u00e9rdidas. Exhibici\u00f3n de toma de instalaciones. 2011<\/li>\n<li>Figurante para la certificaci\u00f3n. Comisi\u00f3n de Adiestramiento. BH+, RCIA, RCI1, RCI2. Vicent Solare (Francia) 2011<\/li>\n<li>Figurante para la certificaci\u00f3n Rottweiler de Venezuela. ZTP. Dieter Hoffmann (Alemania). 2011<\/li>\n<li>Seminario de T\u00e9cnicas de Adiestramiento de IPO por Stefan Juntke de Alemania. Venezuela 2012<\/li>\n<li>Reconocimiento por impartir el seminario de Metodolog\u00edas innovadoras para la construcci\u00f3n de una base para el trabajo de IPO. 2012<\/li>\n<li>Seminario de agility en valencia Edo. Carabobo por Jos\u00e9 M. D\u00e1vila. Venezuela. 2012<\/li>\n<li>Figurante para la certificaci\u00f3n. ACPPAV. Coraje SIEGER. Jens beckar Olsen (Espa\u00f1a) 2012<\/li>\n<li>Figurante para la certificaci\u00f3n. ACPPAV. BH, IPO 1. Johan Mayer (Alemania) 2012<\/li>\n<li>Figurante para la certificaci\u00f3n. Selecci\u00f3n, y prueba de Coraje. Johan Mayer (Alemania) 2012<\/li>\n<li>Figurante para la certificaci\u00f3n. Selecci\u00f3n de cr\u00eda. Anzo\u00e1tegui. ACPPAV. Arturo Boscan (Venezuela) 2012<\/li>\n<li>Figurante para la certificaci\u00f3n. Selecci\u00f3n de cr\u00eda. Miranda. ACPPAV. Arturo Boscan (Venezuela) 2013<\/li>\n<li>Reconocimiento y agradecimiento por juzgar el SIEGER 2013 del pastor alem\u00e1n. Caracas Venezuela. 2013<\/li>\n<li>Seminario de IPO con el cinco veces campe\u00f3n del mundo Edgar Scherk 2013<\/li>\n<li>Juzgamiento de prueba de trabajo y selecci\u00f3n de cr\u00eda. Asociaci\u00f3n del perro Pastor Alem\u00e1n seccional de Anzo\u00e1tegui. 2013<\/li>\n<li>Seminario para figurante y T\u00e9cnicas de obediencia avanzada. Grupo de trabajo de Tabay. 2013<\/li>\n<li>Reconocimiento y agradecimiento por haber juzgado el tercer concurso de crianza del pastor alem\u00e1n seccional M\u00e9rida. 2014<\/li>\n<li>Figurante para la certificaci\u00f3n. Selecci\u00f3n de cr\u00eda. M\u00e9rida. ACPPAV. Arturo Boscan (Venezuela) 2014<\/li>\n<li>Figurante para la certificaci\u00f3n. Prueba de Coraje, Monogr\u00e1fica. M\u00e9rida. ACPPAV. Arturo Boscan (Venezuela) 2014<\/li>\n<li>Figurante para la certificaci\u00f3n. Selecci\u00f3n de cr\u00eda. San Antonio de los Altos. ACPPAV. Ricardo Ortega (Argentina) 2014<\/li>\n<li>Figurante para la certificaci\u00f3n. SIEGER 2014. San Antonio de los Altos. ACPPAV. Ricardo Ortega (Argentina) 2014<\/li>\n<li>Juez para las certificaciones de trabajo. ACPPAV, CRV, FCV 2014<\/li>\n<li>Comando General de la Guardia Nacional Bolivariana.<br \/>Reconocimiento por participaci\u00f3n desempe\u00f1o, dedicaci\u00f3n y profesionalismo demostrando el juzgamiento de la XV Exposici\u00f3n Especializada Zuchtschau del perro Pastor Alem\u00e1n, en conjunto con la Asociaci\u00f3n de Criadores del perro pastor alem\u00e1n de Venezuela, en el marco de la celebraci\u00f3n del 78 Aniversario de la Guardia Nacional. 2015<\/li>\n<li>Figurante para la certificaci\u00f3n. Selecci\u00f3n de cr\u00eda. Parque Caiza Caracas. ACPPAV. Arturo Boscan. 2015<\/li>\n<li>Juez para las certificaciones de trabajo. ACPPAV, FCV del 78 Aniversario de la Guardia Nacional Bolivariana de Venezuela 2015<\/li>\n<li>Juez SIEGER del pastor alem\u00e1n 2015 Barquisimeto, Venezuela 2015<\/li>\n<li>Reconocimiento de la Armada Bolivariana de Venezuela por haber impartido el Seminario de Destrezas en la Metodolog\u00eda de adiestramiento canino en perros de patrullaje. 2016<\/li>\n<li>Club Canino de entrenamiento y AECNE. Seminario para la certificaci\u00f3n de IPO. Avalado por la FCV. 2016<\/li>\n<li>Club Canino de entrenamiento. Seminario primer M\u00f3dulo KNPV. Avalado por la FCV. 2016<\/li>\n<li>Conferencia Unidad Canina de Intervenci\u00f3n en desastres. 2016<\/li>\n<li>Protecci\u00f3n civil Nacional. Participaci\u00f3n del cuerpo de bombero de Miranda, Guardia Nacional, Bomberos de Aragua, Polic\u00eda Nacional Bolivariana. 2016<\/li>\n<li>Seminario de la nueva metodolog\u00eda en las pruebas de IPO Edgar Scherk. 2017<\/li>\n<li>Facilitador en el 1er. Curso de formaci\u00f3n de t\u00e9cnicos Ksar protecci\u00f3n civil nacional. 2017<\/li>\n<li>Juez Certificaci\u00f3n de Trabajo para todas las Razas, Club Canino de Entrenamiento afiliado a la FCV. 2018<\/li>\n<li>Juez Competencia Nacional USC e IGP Club Canino de Entrenamiento. 2020<\/li>\n<li>Juez certificaci\u00f3n de trabajo para la Raza Rottweiler o CRV. 2021<\/li>\n<li>SIEGER Raza Pastor Alem\u00e1n Comisi\u00f3n de Pastores de FCV. 2022<\/li>\n<li>Maestro de Selecci\u00f3n. 2022<\/li>\n<li>Juez Certificaci\u00f3n de Trabajo del Pastor Alem\u00e1n. 2022<\/li>\n<li>Exhibici\u00f3n Tercer Curso de Escolta UESPPE. 2022<\/li>\n<\/ul>\n<ul style=\"text-align: justify;\"><\/ul><\/div>\n\t\t\t<\/div>\n\t\t\t<\/div><div class=\"et_d4_element et_pb_column_1_4 et_pb_column et_pb_column_1  et_pb_css_mix_blend_mode et-last-child et_block_column\">\n\t\t\t\t\n\t\t\t\t\n\t\t\t\t\n\t\t\t\t\n\t\t\t\t<div class=\"et_pb_module et_d4_element et_pb_image et_pb_image_0 et_pb_sticky_module\">\n\t\t\t\t\n\t\t\t\t\n\t\t\t\t\n\t\t\t\t\n\t\t\t\t<span class=\"et_pb_image_wrap has-box-shadow-overlay\"><div class=\"box-shadow-overlay\"><\/div><img loading=\"lazy\" decoding=\"async\" width=\"280\" height=\"280\" src=\"https:\/\/policiascaninosisrrael.com.ve\/pciwp\/wp-content\/uploads\/2023\/09\/IJMR.jpg\" alt=\"\" title=\"IJMR\" srcset=\"https:\/\/policiascaninosisrrael.com.ve\/pciwp\/wp-content\/uploads\/2023\/09\/IJMR.jpg 280w, https:\/\/policiascaninosisrrael.com.ve\/pciwp\/wp-content\/uploads\/2023\/09\/IJMR-150x150.jpg 150w\" sizes=\"(max-width: 280px) 100vw, 280px\" class=\"wp-image-314\" \/><\/span>\n\t\t\t<\/div><div class=\"et_pb_module et_d4_element et_pb_text et_pb_text_1 et_pb_sticky_module  et_pb_text_align_left et_pb_bg_layout_light\">\n\t\t\t\t\n\t\t\t\t\n\t\t\t\t\n\t\t\t\t\n\t\t\t\t<div class=\"et_pb_text_inner\"><p style=\"text-align: center;\"><strong>C.G. <\/strong><strong>Isrrael Jos\u00e9 Mendoza Rea<\/strong><\/p><\/div>\n\t\t\t<\/div>\n\t\t\t<\/div>\n\t\t\t\t\n\t\t\t\t\n\t\t\t\t\n\t\t\t\t\n\t\t\t<\/div>\n\t\t\t\t\n\t\t\t\t\n\t\t\t<\/div>\n","protected":false},"excerpt":{"rendered":"","protected":false},"author":1,"featured_media":0,"parent":0,"menu_order":0,"comment_status":"closed","ping_status":"closed","template":"","meta":{"_et_pb_use_builder":"on","_et_pb_old_content":"","_et_gb_content_width":"","footnotes":""},"class_list":["post-281","page","type-page","status-publish","hentry"],"aioseo_notices":[],"_links":{"self":[{"href":"https:\/\/policiascaninosisrrael.com.ve\/pciwp\/wp-json\/wp\/v2\/pages\/281","targetHints":{"allow":["GET"]}}],"collection":[{"href":"https:\/\/policiascaninosisrrael.com.ve\/pciwp\/wp-json\/wp\/v2\/pages"}],"about":[{"href":"https:\/\/policiascaninosisrrael.com.ve\/pciwp\/wp-json\/wp\/v2\/types\/page"}],"author":[{"embeddable":true,"href":"https:\/\/policiascaninosisrrael.com.ve\/pciwp\/wp-json\/wp\/v2\/users\/1"}],"replies":[{"embeddable":true,"href":"https:\/\/policiascaninosisrrael.com.ve\/pciwp\/wp-json\/wp\/v2\/comments?post=281"}],"version-history":[{"count":35,"href":"https:\/\/policiascaninosisrrael.com.ve\/pciwp\/wp-json\/wp\/v2\/pages\/281\/revisions"}],"predecessor-version":[{"id":630,"href":"https:\/\/policiascaninosisrrael.com.ve\/pciwp\/wp-json\/wp\/v2\/pages\/281\/revisions\/630"}],"wp:attachment":[{"href":"https:\/\/policiascaninosisrrael.com.ve\/pciwp\/wp-json\/wp\/v2\/media?parent=281"}],"curies":[{"name":"wp","href":"https:\/\/api.w.org\/{rel}","templated":true}]}}